{"id":70,"date":"2023-10-08T22:59:55","date_gmt":"2023-10-08T20:59:55","guid":{"rendered":"http:\/\/sportfluo.fr\/?page_id=70"},"modified":"2023-10-08T22:59:56","modified_gmt":"2023-10-08T20:59:56","slug":"quest-ce-que-le-foot-fluo","status":"publish","type":"page","link":"https:\/\/sportfluo.fr\/index.php\/quest-ce-que-le-foot-fluo\/","title":{"rendered":"Qu&#8217;est ce que le foot fluo ?"},"content":{"rendered":"\n<p>Le terme &#8220;football fluo&#8221; fait r\u00e9f\u00e9rence \u00e0 la pratique du football en utilisant un ballon de football ou des \u00e9quipements fluorescents ou de couleurs vives. Ces ballons et \u00e9quipements sont con\u00e7us avec des couleurs fluorescentes ou n\u00e9on qui les rendent plus visibles, notamment lorsque le jeu se d\u00e9roule dans des conditions de faible luminosit\u00e9, comme la nuit ou dans un environnement sombre.<\/p>\n\n\n\n<p>L&#8217;utilisation de ballons de <a href=\"https:\/\/sportfluo.fr\">football fluorescents <\/a>peut rendre le jeu plus amusant et excitant, en particulier pour les enfants et les adolescents. Cela peut \u00e9galement \u00eatre utile pour les matchs nocturnes ou en int\u00e9rieur, o\u00f9 la luminosit\u00e9 est limit\u00e9e. Ces ballons sont souvent fabriqu\u00e9s avec des mat\u00e9riaux r\u00e9fl\u00e9chissants ou luminescents qui brillent lorsqu&#8217;ils sont expos\u00e9s \u00e0 la lumi\u00e8re, ce qui les rend encore plus visibles.<\/p>\n\n\n\n<p>En plus des ballons, certains joueurs et \u00e9quipes peuvent choisir de porter des maillots de football, des chaussettes ou des accessoires fluorescents pour am\u00e9liorer leur visibilit\u00e9 sur le terrain. Cela peut aider \u00e0 \u00e9viter les collisions et \u00e0 am\u00e9liorer la s\u00e9curit\u00e9 des joueurs.<\/p>\n\n\n\n<p>En fin de compte, le football fluo est une fa\u00e7on amusante et s\u00e9curitaire de jouer au football tout en ajoutant une touche de style et de visibilit\u00e9 au jeu, que ce soit pour un match officiel ou simplement pour s&#8217;amuser entre amis.<\/p>\n\n\n\n<p>Il existe de nombreux sports possibles pour une soir\u00e9e sport fluo. On pense notamment au<a href=\"https:\/\/tennisfluo.fr\"> tennis fluo<\/a>, au <a href=\"https:\/\/padelfluo.fr\">padel fluo<\/a>, au badminton fluo&#8230;<\/p>\n","protected":false},"excerpt":{"rendered":"<p>Le terme &#8220;football fluo&#8221; fait r\u00e9f\u00e9rence \u00e0 la pratique du football en utilisant un ballon de football ou des \u00e9quipements fluorescents ou de couleurs vives. Ces ballons et \u00e9quipements sont con\u00e7us avec des couleurs fluorescentes ou n\u00e9on qui les rendent plus visibles, notamment lorsque le jeu se d\u00e9roule dans des conditions de faible luminosit\u00e9, comme [&hellip;]<\/p>\n","protected":false},"author":1,"featured_media":0,"parent":0,"menu_order":0,"comment_status":"closed","ping_status":"closed","template":"","meta":{"footnotes":""},"tags":[],"class_list":["post-70","page","type-page","status-publish","hentry"],"acf":[],"yoast_head":"<!-- This site is optimized with the Yoast SEO plugin v19.13 - https:\/\/yoast.com\/wordpress\/plugins\/seo\/ -->\n<title>Qu&#039;est ce que le foot fluo ? - Sport Fluo .fr: Sp\u00e9cialiste du sport fluo, du tennis Fluo<\/title>\n<meta name=\"robots\" content=\"index, follow, max-snippet:-1, max-image-preview:large, max-video-preview:-1\" \/>\n<link rel=\"canonical\" href=\"https:\/\/sportfluo.fr\/index.php\/quest-ce-que-le-foot-fluo\/\" \/>\n<meta property=\"og:locale\" content=\"en_US\" \/>\n<meta property=\"og:type\" content=\"article\" \/>\n<meta property=\"og:title\" content=\"Qu&#039;est ce que le foot fluo ? - Sport Fluo .fr: Sp\u00e9cialiste du sport fluo, du tennis Fluo\" \/>\n<meta property=\"og:description\" content=\"Le terme &#8220;football fluo&#8221; fait r\u00e9f\u00e9rence \u00e0 la pratique du football en utilisant un ballon de football ou des \u00e9quipements fluorescents ou de couleurs vives. Ces ballons et \u00e9quipements sont con\u00e7us avec des couleurs fluorescentes ou n\u00e9on qui les rendent plus visibles, notamment lorsque le jeu se d\u00e9roule dans des conditions de faible luminosit\u00e9, comme [&hellip;]\" \/>\n<meta property=\"og:url\" content=\"https:\/\/sportfluo.fr\/index.php\/quest-ce-que-le-foot-fluo\/\" \/>\n<meta property=\"og:site_name\" content=\"Sport Fluo .fr: Sp\u00e9cialiste du sport fluo, du tennis Fluo\" \/>\n<meta property=\"article:modified_time\" content=\"2023-10-08T20:59:56+00:00\" \/>\n<meta name=\"twitter:card\" content=\"summary_large_image\" \/>\n<meta name=\"twitter:label1\" content=\"Est. reading time\" \/>\n\t<meta name=\"twitter:data1\" content=\"1 minute\" \/>\n<script type=\"application\/ld+json\" class=\"yoast-schema-graph\">{\"@context\":\"https:\/\/schema.org\",\"@graph\":[{\"@type\":\"WebPage\",\"@id\":\"https:\/\/sportfluo.fr\/index.php\/quest-ce-que-le-foot-fluo\/\",\"url\":\"https:\/\/sportfluo.fr\/index.php\/quest-ce-que-le-foot-fluo\/\",\"name\":\"Qu'est ce que le foot fluo ? - Sport Fluo .fr: Sp\u00e9cialiste du sport fluo, du tennis Fluo\",\"isPartOf\":{\"@id\":\"http:\/\/sportfluo.fr\/#website\"},\"datePublished\":\"2023-10-08T20:59:55+00:00\",\"dateModified\":\"2023-10-08T20:59:56+00:00\",\"breadcrumb\":{\"@id\":\"https:\/\/sportfluo.fr\/index.php\/quest-ce-que-le-foot-fluo\/#breadcrumb\"},\"inLanguage\":\"en-US\",\"potentialAction\":[{\"@type\":\"ReadAction\",\"target\":[\"https:\/\/sportfluo.fr\/index.php\/quest-ce-que-le-foot-fluo\/\"]}]},{\"@type\":\"BreadcrumbList\",\"@id\":\"https:\/\/sportfluo.fr\/index.php\/quest-ce-que-le-foot-fluo\/#breadcrumb\",\"itemListElement\":[{\"@type\":\"ListItem\",\"position\":1,\"name\":\"Accueil\",\"item\":\"http:\/\/sportfluo.fr\/\"},{\"@type\":\"ListItem\",\"position\":2,\"name\":\"Qu&#8217;est ce que le foot fluo ?\"}]},{\"@type\":\"WebSite\",\"@id\":\"http:\/\/sportfluo.fr\/#website\",\"url\":\"http:\/\/sportfluo.fr\/\",\"name\":\"Sport Fluo .fr: Sp\u00e9cialiste du sport fluo, du tennis Fluo\",\"description\":\"Sport Fluo .fr appartient \u00e0 AnyFluo, sp\u00e9cialiste du fluo\",\"potentialAction\":[{\"@type\":\"SearchAction\",\"target\":{\"@type\":\"EntryPoint\",\"urlTemplate\":\"http:\/\/sportfluo.fr\/?s={search_term_string}\"},\"query-input\":\"required name=search_term_string\"}],\"inLanguage\":\"en-US\"}]}<\/script>\n<!-- \/ Yoast SEO plugin. -->","yoast_head_json":{"title":"Qu'est ce que le foot fluo ? - Sport Fluo .fr: Sp\u00e9cialiste du sport fluo, du tennis Fluo","robots":{"index":"index","follow":"follow","max-snippet":"max-snippet:-1","max-image-preview":"max-image-preview:large","max-video-preview":"max-video-preview:-1"},"canonical":"https:\/\/sportfluo.fr\/index.php\/quest-ce-que-le-foot-fluo\/","og_locale":"en_US","og_type":"article","og_title":"Qu'est ce que le foot fluo ? - Sport Fluo .fr: Sp\u00e9cialiste du sport fluo, du tennis Fluo","og_description":"Le terme &#8220;football fluo&#8221; fait r\u00e9f\u00e9rence \u00e0 la pratique du football en utilisant un ballon de football ou des \u00e9quipements fluorescents ou de couleurs vives. Ces ballons et \u00e9quipements sont con\u00e7us avec des couleurs fluorescentes ou n\u00e9on qui les rendent plus visibles, notamment lorsque le jeu se d\u00e9roule dans des conditions de faible luminosit\u00e9, comme [&hellip;]","og_url":"https:\/\/sportfluo.fr\/index.php\/quest-ce-que-le-foot-fluo\/","og_site_name":"Sport Fluo .fr: Sp\u00e9cialiste du sport fluo, du tennis Fluo","article_modified_time":"2023-10-08T20:59:56+00:00","twitter_card":"summary_large_image","twitter_misc":{"Est. reading time":"1 minute"},"schema":{"@context":"https:\/\/schema.org","@graph":[{"@type":"WebPage","@id":"https:\/\/sportfluo.fr\/index.php\/quest-ce-que-le-foot-fluo\/","url":"https:\/\/sportfluo.fr\/index.php\/quest-ce-que-le-foot-fluo\/","name":"Qu'est ce que le foot fluo ? - Sport Fluo .fr: Sp\u00e9cialiste du sport fluo, du tennis Fluo","isPartOf":{"@id":"http:\/\/sportfluo.fr\/#website"},"datePublished":"2023-10-08T20:59:55+00:00","dateModified":"2023-10-08T20:59:56+00:00","breadcrumb":{"@id":"https:\/\/sportfluo.fr\/index.php\/quest-ce-que-le-foot-fluo\/#breadcrumb"},"inLanguage":"en-US","potentialAction":[{"@type":"ReadAction","target":["https:\/\/sportfluo.fr\/index.php\/quest-ce-que-le-foot-fluo\/"]}]},{"@type":"BreadcrumbList","@id":"https:\/\/sportfluo.fr\/index.php\/quest-ce-que-le-foot-fluo\/#breadcrumb","itemListElement":[{"@type":"ListItem","position":1,"name":"Accueil","item":"http:\/\/sportfluo.fr\/"},{"@type":"ListItem","position":2,"name":"Qu&#8217;est ce que le foot fluo ?"}]},{"@type":"WebSite","@id":"http:\/\/sportfluo.fr\/#website","url":"http:\/\/sportfluo.fr\/","name":"Sport Fluo .fr: Sp\u00e9cialiste du sport fluo, du tennis Fluo","description":"Sport Fluo .fr appartient \u00e0 AnyFluo, sp\u00e9cialiste du fluo","potentialAction":[{"@type":"SearchAction","target":{"@type":"EntryPoint","urlTemplate":"http:\/\/sportfluo.fr\/?s={search_term_string}"},"query-input":"required name=search_term_string"}],"inLanguage":"en-US"}]}},"_links":{"self":[{"href":"https:\/\/sportfluo.fr\/index.php\/wp-json\/wp\/v2\/pages\/70","targetHints":{"allow":["GET"]}}],"collection":[{"href":"https:\/\/sportfluo.fr\/index.php\/wp-json\/wp\/v2\/pages"}],"about":[{"href":"https:\/\/sportfluo.fr\/index.php\/wp-json\/wp\/v2\/types\/page"}],"author":[{"embeddable":true,"href":"https:\/\/sportfluo.fr\/index.php\/wp-json\/wp\/v2\/users\/1"}],"replies":[{"embeddable":true,"href":"https:\/\/sportfluo.fr\/index.php\/wp-json\/wp\/v2\/comments?post=70"}],"version-history":[{"count":1,"href":"https:\/\/sportfluo.fr\/index.php\/wp-json\/wp\/v2\/pages\/70\/revisions"}],"predecessor-version":[{"id":71,"href":"https:\/\/sportfluo.fr\/index.php\/wp-json\/wp\/v2\/pages\/70\/revisions\/71"}],"wp:attachment":[{"href":"https:\/\/sportfluo.fr\/index.php\/wp-json\/wp\/v2\/media?parent=70"}],"wp:term":[{"taxonomy":"post_tag","embeddable":true,"href":"https:\/\/sportfluo.fr\/index.php\/wp-json\/wp\/v2\/tags?post=70"}],"curies":[{"name":"wp","href":"https:\/\/api.w.org\/{rel}","templated":true}]}}